{"id":2,"date":"2019-07-25T10:55:55","date_gmt":"2019-07-25T08:55:55","guid":{"rendered":"http:\/\/polonina.pl\/?page_id=2"},"modified":"2019-09-03T12:33:35","modified_gmt":"2019-09-03T10:33:35","slug":"przykladowa-strona","status":"publish","type":"page","link":"https:\/\/polonina.pl\/","title":{"rendered":"Witamy!"},"content":{"rendered":"\n<p>Firma Po\u0142onina Lesko Sp. z o.o. &#8211; Sp. k. jest zak\u0142adem specjalizuj\u0105cym si\u0119 w uboju zwierz\u0105t, rozbiorze mi\u0119sa na elementy oraz sprzeda\u017c\u0105. <\/p>\n\n\n\n<ul><li>Produkujemy elementy jagni\u0119ce, baranie, ciel\u0119ce oraz z m\u0142odego byd\u0142a rze\u017anego.<\/li><li>Spe\u0142niamy wszystkie wymogi sanitarno-weterynaryjne, posiadamy uprawnienia eksportowe do kraj\u00f3w UE oraz na tereny Federacji Rosyjskiej. <\/li><li>Oferowane przez nas produkty pochodz\u0105 ze sprawdzonych przez wieloletni\u0105 wsp\u00f3\u0142prac\u0119 gospodarstw. <\/li><li>Nasz asortyment pakowany jest pr\u00f3\u017cniowo w postaci mro\u017conej lub \u015bwie\u017cej &#8211; <strong>zapewniamy powtarzaln\u0105 jako\u015b\u0107!<\/strong><\/li><li>Po\u0142onina Lesko powsta\u0142a w 1993 roku a od 1995 prowadzi systematyczn\u0105 sprzeda\u017c w Polsce i za granic\u0105. &nbsp;<\/li><li>Nasz zak\u0142ad wsp\u00f3\u0142pracuje z wiod\u0105cymi na rynku polskim i zagranicznym, producentami <strong>\u017cywno\u015bci dzieci\u0119cej i klinicznej<\/strong>.<\/li><li>Nasz asortyment jest <strong>systematycznie dostarczany<\/strong>&nbsp; do <strong>du\u017cych sieci handlowych,<\/strong> <strong>gastronomicznych i &nbsp;hoteli.<\/strong><\/li><\/ul>\n\n\n\n<p>\n\nZam\u00f3wiony towar <strong>dostarczamy w\u0142asnym transportem<\/strong> do naszych kontrahent\u00f3w. \n\n<\/p>\n","protected":false},"excerpt":{"rendered":"<p>Firma Po\u0142onina Lesko Sp. z o.o. &#8211; Sp. k. jest zak\u0142adem specjalizuj\u0105cym si\u0119 w uboju zwierz\u0105t, rozbiorze mi\u0119sa na elementy oraz sprzeda\u017c\u0105. Produkujemy elementy jagni\u0119ce, baranie, ciel\u0119ce oraz z m\u0142odego byd\u0142a rze\u017anego. Spe\u0142niamy wszystkie wymogi sanitarno-weterynaryjne, posiadamy uprawnienia eksportowe do kraj\u00f3w UE oraz na tereny Federacji Rosyjskiej. Oferowane przez nas produkty pochodz\u0105 ze sprawdzonych przez [&hellip;]<\/p>\n","protected":false},"author":1,"featured_media":14,"parent":0,"menu_order":0,"comment_status":"closed","ping_status":"closed","template":"","meta":{"ngg_post_thumbnail":0},"_links":{"self":[{"href":"https:\/\/polonina.pl\/index.php?rest_route=\/wp\/v2\/pages\/2"}],"collection":[{"href":"https:\/\/polonina.pl\/index.php?rest_route=\/wp\/v2\/pages"}],"about":[{"href":"https:\/\/polonina.pl\/index.php?rest_route=\/wp\/v2\/types\/page"}],"author":[{"embeddable":true,"href":"https:\/\/polonina.pl\/index.php?rest_route=\/wp\/v2\/users\/1"}],"replies":[{"embeddable":true,"href":"https:\/\/polonina.pl\/index.php?rest_route=%2Fwp%2Fv2%2Fcomments&post=2"}],"version-history":[{"count":9,"href":"https:\/\/polonina.pl\/index.php?rest_route=\/wp\/v2\/pages\/2\/revisions"}],"predecessor-version":[{"id":415,"href":"https:\/\/polonina.pl\/index.php?rest_route=\/wp\/v2\/pages\/2\/revisions\/415"}],"wp:featuredmedia":[{"embeddable":true,"href":"https:\/\/polonina.pl\/index.php?rest_route=\/wp\/v2\/media\/14"}],"wp:attachment":[{"href":"https:\/\/polonina.pl\/index.php?rest_route=%2Fwp%2Fv2%2Fmedia&parent=2"}],"curies":[{"name":"wp","href":"https:\/\/api.w.org\/{rel}","templated":true}]}}