{"id":39,"date":"2019-07-25T13:59:22","date_gmt":"2019-07-25T11:59:22","guid":{"rendered":"http:\/\/polonina.pl\/?page_id=39"},"modified":"2019-09-03T12:32:28","modified_gmt":"2019-09-03T10:32:28","slug":"jagniecina","status":"publish","type":"page","link":"https:\/\/polonina.pl\/?page_id=39","title":{"rendered":"Jagni\u0119cina"},"content":{"rendered":"\n<!-- default-view.php -->\n<div\n\tclass=\"ngg-galleryoverview default-view  ngg-ajax-pagination-none\"\n\tid=\"ngg-gallery-ae8012fd1b59981c7c45104880ba8e7f-1\">\n\n\t\t<!-- Thumbnails -->\n\t\t\t\t<div id=\"ngg-image-0\" class=\"ngg-gallery-thumbnail-box ngg-4-columns\" >\n\t\t\t\t        <div class=\"ngg-gallery-thumbnail\">\n            <a href=\"https:\/\/polonina.pl\/wp-content\/gallery\/jagniecina\/Comber-jagniecy-plastry-zk.jpg\"\n               title=\"Comber jagni\u0119cy plastry z ko\u015bci\u0105\"\n               data-src=\"https:\/\/polonina.pl\/wp-content\/gallery\/jagniecina\/Comber-jagniecy-plastry-zk.jpg\"\n               data-thumbnail=\"https:\/\/polonina.pl\/wp-content\/gallery\/jagniecina\/thumbs\/thumbs_Comber-jagniecy-plastry-zk.jpg\"\n               data-image-id=\"1\"\n               data-title=\"Comber jagni\u0119cy plastry z ko\u015bci\u0105\"\n               data-description=\"Comber jagni\u0119cy plastry z ko\u015bci\u0105\"\n               data-image-slug=\"comber-jagniecy-plastry-zk\"\n               class=\"ngg-simplelightbox\" rel=\"ae8012fd1b59981c7c45104880ba8e7f\">\n                <img\n                    title=\"Comber jagni\u0119cy plastry z ko\u015bci\u0105\"\n                    alt=\"Comber jagni\u0119cy plastry z ko\u015bci\u0105\"\n                    src=\"https:\/\/polonina.pl\/wp-content\/gallery\/jagniecina\/thumbs\/thumbs_Comber-jagniecy-plastry-zk.jpg\"\n                    width=\"240\"\n                    height=\"160\"\n                    style=\"max-width:100%;\"\n                \/>\n            <\/a>\n        <\/div>\n\t\t\t\t\t\t\t<\/div> \n\t\t\t\n\t\t\t\t<div id=\"ngg-image-1\" class=\"ngg-gallery-thumbnail-box ngg-4-columns\" >\n\t\t\t\t        <div class=\"ngg-gallery-thumbnail\">\n            <a href=\"https:\/\/polonina.pl\/wp-content\/gallery\/jagniecina\/Comber-jagniecy-zk_.jpg\"\n               title=\"Comber jagni\u0119cy z ko\u015bci\u0105\"\n               data-src=\"https:\/\/polonina.pl\/wp-content\/gallery\/jagniecina\/Comber-jagniecy-zk_.jpg\"\n               data-thumbnail=\"https:\/\/polonina.pl\/wp-content\/gallery\/jagniecina\/thumbs\/thumbs_Comber-jagniecy-zk_.jpg\"\n               data-image-id=\"2\"\n               data-title=\"Comber jagni\u0119cy z ko\u015bci\u0105\"\n               data-description=\"Comber jagni\u0119cy z ko\u015bci\u0105\"\n               data-image-slug=\"comber-jagniecy-zk_\"\n               class=\"ngg-simplelightbox\" rel=\"ae8012fd1b59981c7c45104880ba8e7f\">\n                <img\n                    title=\"Comber jagni\u0119cy z ko\u015bci\u0105\"\n                    alt=\"Comber jagni\u0119cy z ko\u015bci\u0105\"\n                    src=\"https:\/\/polonina.pl\/wp-content\/gallery\/jagniecina\/thumbs\/thumbs_Comber-jagniecy-zk_.jpg\"\n                    width=\"240\"\n                    height=\"160\"\n                    style=\"max-width:100%;\"\n                \/>\n            <\/a>\n        <\/div>\n\t\t\t\t\t\t\t<\/div> \n\t\t\t\n\t\t\t\t<div id=\"ngg-image-2\" class=\"ngg-gallery-thumbnail-box ngg-4-columns\" >\n\t\t\t\t        <div class=\"ngg-gallery-thumbnail\">\n            <a href=\"https:\/\/polonina.pl\/wp-content\/gallery\/jagniecina\/Comber-jagni%C4%99cy-zk.jpg\"\n               title=\"Comber jagni\u0119cy z ko\u015bci\u0105\"\n               data-src=\"https:\/\/polonina.pl\/wp-content\/gallery\/jagniecina\/Comber-jagni%C4%99cy-zk.jpg\"\n               data-thumbnail=\"https:\/\/polonina.pl\/wp-content\/gallery\/jagniecina\/thumbs\/thumbs_Comber-jagni%C4%99cy-zk.jpg\"\n               data-image-id=\"4\"\n               data-title=\"Comber jagni\u0119cy z ko\u015bci\u0105\"\n               data-description=\"Comber jagni\u0119cy z ko\u015bci\u0105\"\n               data-image-slug=\"comber-jagni%c4%99cy-zk\"\n               class=\"ngg-simplelightbox\" rel=\"ae8012fd1b59981c7c45104880ba8e7f\">\n                <img\n                    title=\"Comber jagni\u0119cy z ko\u015bci\u0105\"\n                    alt=\"Comber jagni\u0119cy z ko\u015bci\u0105\"\n                    src=\"https:\/\/polonina.pl\/wp-content\/gallery\/jagniecina\/thumbs\/thumbs_Comber-jagni%C4%99cy-zk.jpg\"\n                    width=\"240\"\n                    height=\"160\"\n                    style=\"max-width:100%;\"\n                \/>\n            <\/a>\n        <\/div>\n\t\t\t\t\t\t\t<\/div> \n\t\t\t\n\t\t\t\t<div id=\"ngg-image-3\" class=\"ngg-gallery-thumbnail-box ngg-4-columns\" >\n\t\t\t\t        <div class=\"ngg-gallery-thumbnail\">\n            <a href=\"https:\/\/polonina.pl\/wp-content\/gallery\/jagniecina\/Gole%C5%84-jagni%C4%99ca-przednia-zk.jpg\"\n               title=\"Gole\u0144 jagni\u0119ca przednia z ko\u015bci\u0105\"\n               data-src=\"https:\/\/polonina.pl\/wp-content\/gallery\/jagniecina\/Gole%C5%84-jagni%C4%99ca-przednia-zk.jpg\"\n               data-thumbnail=\"https:\/\/polonina.pl\/wp-content\/gallery\/jagniecina\/thumbs\/thumbs_Gole%C5%84-jagni%C4%99ca-przednia-zk.jpg\"\n               data-image-id=\"6\"\n               data-title=\"Gole\u0144 jagni\u0119ca przednia z ko\u015bci\u0105\"\n               data-description=\"Gole\u0144 jagni\u0119ca przednia z ko\u015bci\u0105\"\n               data-image-slug=\"gole%c5%84-jagni%c4%99ca-przednia-zk\"\n               class=\"ngg-simplelightbox\" rel=\"ae8012fd1b59981c7c45104880ba8e7f\">\n                <img\n                    title=\"Gole\u0144 jagni\u0119ca przednia z ko\u015bci\u0105\"\n                    alt=\"Gole\u0144 jagni\u0119ca przednia z ko\u015bci\u0105\"\n                    src=\"https:\/\/polonina.pl\/wp-content\/gallery\/jagniecina\/thumbs\/thumbs_Gole%C5%84-jagni%C4%99ca-przednia-zk.jpg\"\n                    width=\"240\"\n                    height=\"160\"\n                    style=\"max-width:100%;\"\n                \/>\n            <\/a>\n        <\/div>\n\t\t\t\t\t\t\t<\/div> \n\t\t\t\n\t\t\t\t<div id=\"ngg-image-4\" class=\"ngg-gallery-thumbnail-box ngg-4-columns\" >\n\t\t\t\t        <div class=\"ngg-gallery-thumbnail\">\n            <a href=\"https:\/\/polonina.pl\/wp-content\/gallery\/jagniecina\/Gole%C5%84-jagni%C4%99ca-tylna-zk.jpg\"\n               title=\"Gole\u0144 jagni\u0119ca tylna z ko\u015bci\u0105\"\n               data-src=\"https:\/\/polonina.pl\/wp-content\/gallery\/jagniecina\/Gole%C5%84-jagni%C4%99ca-tylna-zk.jpg\"\n               data-thumbnail=\"https:\/\/polonina.pl\/wp-content\/gallery\/jagniecina\/thumbs\/thumbs_Gole%C5%84-jagni%C4%99ca-tylna-zk.jpg\"\n               data-image-id=\"7\"\n               data-title=\"Gole\u0144 jagni\u0119ca tylna z ko\u015bci\u0105\"\n               data-description=\"Gole\u0144 jagni\u0119ca tylna z ko\u015bci\u0105\"\n               data-image-slug=\"gole%c5%84-jagni%c4%99ca-tylna-zk\"\n               class=\"ngg-simplelightbox\" rel=\"ae8012fd1b59981c7c45104880ba8e7f\">\n                <img\n                    title=\"Gole\u0144 jagni\u0119ca tylna z ko\u015bci\u0105\"\n                    alt=\"Gole\u0144 jagni\u0119ca tylna z ko\u015bci\u0105\"\n                    src=\"https:\/\/polonina.pl\/wp-content\/gallery\/jagniecina\/thumbs\/thumbs_Gole%C5%84-jagni%C4%99ca-tylna-zk.jpg\"\n                    width=\"240\"\n                    height=\"160\"\n                    style=\"max-width:100%;\"\n                \/>\n            <\/a>\n        <\/div>\n\t\t\t\t\t\t\t<\/div> \n\t\t\t\n\t\t\t\t<div id=\"ngg-image-5\" class=\"ngg-gallery-thumbnail-box ngg-4-columns\" >\n\t\t\t\t        <div class=\"ngg-gallery-thumbnail\">\n            <a href=\"https:\/\/polonina.pl\/wp-content\/gallery\/jagniecina\/Kark-jagniecy-bk.jpg\"\n               title=\"Kark jagni\u0119cy bez ko\u015bci\"\n               data-src=\"https:\/\/polonina.pl\/wp-content\/gallery\/jagniecina\/Kark-jagniecy-bk.jpg\"\n               data-thumbnail=\"https:\/\/polonina.pl\/wp-content\/gallery\/jagniecina\/thumbs\/thumbs_Kark-jagniecy-bk.jpg\"\n               data-image-id=\"8\"\n               data-title=\"Kark jagni\u0119cy bez ko\u015bci\"\n               data-description=\"Kark jagni\u0119cy bez ko\u015bci\"\n               data-image-slug=\"kark-jagniecy-bk\"\n               class=\"ngg-simplelightbox\" rel=\"ae8012fd1b59981c7c45104880ba8e7f\">\n                <img\n                    title=\"Kark jagni\u0119cy bez ko\u015bci\"\n                    alt=\"Kark jagni\u0119cy bez ko\u015bci\"\n                    src=\"https:\/\/polonina.pl\/wp-content\/gallery\/jagniecina\/thumbs\/thumbs_Kark-jagniecy-bk.jpg\"\n                    width=\"240\"\n                    height=\"160\"\n                    style=\"max-width:100%;\"\n                \/>\n            <\/a>\n        <\/div>\n\t\t\t\t\t\t\t<\/div> \n\t\t\t\n\t\t\t\t<div id=\"ngg-image-6\" class=\"ngg-gallery-thumbnail-box ngg-4-columns\" >\n\t\t\t\t        <div class=\"ngg-gallery-thumbnail\">\n            <a href=\"https:\/\/polonina.pl\/wp-content\/gallery\/jagniecina\/Kark-jagniecy-plastry-zk.jpg\"\n               title=\"Kark jagni\u0119cy plastry z ko\u015bci\u0105\"\n               data-src=\"https:\/\/polonina.pl\/wp-content\/gallery\/jagniecina\/Kark-jagniecy-plastry-zk.jpg\"\n               data-thumbnail=\"https:\/\/polonina.pl\/wp-content\/gallery\/jagniecina\/thumbs\/thumbs_Kark-jagniecy-plastry-zk.jpg\"\n               data-image-id=\"9\"\n               data-title=\"Kark jagni\u0119cy plastry z ko\u015bci\u0105\"\n               data-description=\"Kark jagni\u0119cy plastry z ko\u015bci\u0105\"\n               data-image-slug=\"kark-jagniecy-plastry-zk\"\n               class=\"ngg-simplelightbox\" rel=\"ae8012fd1b59981c7c45104880ba8e7f\">\n                <img\n                    title=\"Kark jagni\u0119cy plastry z ko\u015bci\u0105\"\n                    alt=\"Kark jagni\u0119cy plastry z ko\u015bci\u0105\"\n                    src=\"https:\/\/polonina.pl\/wp-content\/gallery\/jagniecina\/thumbs\/thumbs_Kark-jagniecy-plastry-zk.jpg\"\n                    width=\"240\"\n                    height=\"160\"\n                    style=\"max-width:100%;\"\n                \/>\n            <\/a>\n        <\/div>\n\t\t\t\t\t\t\t<\/div> \n\t\t\t\n\t\t\t\t<div id=\"ngg-image-7\" class=\"ngg-gallery-thumbnail-box ngg-4-columns\" >\n\t\t\t\t        <div class=\"ngg-gallery-thumbnail\">\n            <a href=\"https:\/\/polonina.pl\/wp-content\/gallery\/jagniecina\/Kotlet-jagni%C4%99cy-plastry.jpg\"\n               title=\"Kotlet jagni\u0119cy plastry z ko\u015bci\u0105\"\n               data-src=\"https:\/\/polonina.pl\/wp-content\/gallery\/jagniecina\/Kotlet-jagni%C4%99cy-plastry.jpg\"\n               data-thumbnail=\"https:\/\/polonina.pl\/wp-content\/gallery\/jagniecina\/thumbs\/thumbs_Kotlet-jagni%C4%99cy-plastry.jpg\"\n               data-image-id=\"10\"\n               data-title=\"Kotlet jagni\u0119cy plastry z ko\u015bci\u0105\"\n               data-description=\"Kotlet jagni\u0119cy plastry z ko\u015bci\u0105\"\n               data-image-slug=\"kotlet-jagni%c4%99cy-plastry\"\n               class=\"ngg-simplelightbox\" rel=\"ae8012fd1b59981c7c45104880ba8e7f\">\n                <img\n                    title=\"Kotlet jagni\u0119cy plastry z ko\u015bci\u0105\"\n                    alt=\"Kotlet jagni\u0119cy plastry z ko\u015bci\u0105\"\n                    src=\"https:\/\/polonina.pl\/wp-content\/gallery\/jagniecina\/thumbs\/thumbs_Kotlet-jagni%C4%99cy-plastry.jpg\"\n                    width=\"240\"\n                    height=\"160\"\n                    style=\"max-width:100%;\"\n                \/>\n            <\/a>\n        <\/div>\n\t\t\t\t\t\t\t<\/div> \n\t\t\t\n\t\t\t\t<div id=\"ngg-image-8\" class=\"ngg-gallery-thumbnail-box ngg-4-columns\" >\n\t\t\t\t        <div class=\"ngg-gallery-thumbnail\">\n            <a href=\"https:\/\/polonina.pl\/wp-content\/gallery\/jagniecina\/Kotlet-jagni%C4%99cy.jpg\"\n               title=\"Kotlet jagni\u0119cy z ko\u015bci\u0105\"\n               data-src=\"https:\/\/polonina.pl\/wp-content\/gallery\/jagniecina\/Kotlet-jagni%C4%99cy.jpg\"\n               data-thumbnail=\"https:\/\/polonina.pl\/wp-content\/gallery\/jagniecina\/thumbs\/thumbs_Kotlet-jagni%C4%99cy.jpg\"\n               data-image-id=\"11\"\n               data-title=\"Kotlet jagni\u0119cy z ko\u015bci\u0105\"\n               data-description=\"Kotlet jagni\u0119cy z ko\u015bci\u0105\"\n               data-image-slug=\"kotlet-jagni%c4%99cy\"\n               class=\"ngg-simplelightbox\" rel=\"ae8012fd1b59981c7c45104880ba8e7f\">\n                <img\n                    title=\"Kotlet jagni\u0119cy z ko\u015bci\u0105\"\n                    alt=\"Kotlet jagni\u0119cy z ko\u015bci\u0105\"\n                    src=\"https:\/\/polonina.pl\/wp-content\/gallery\/jagniecina\/thumbs\/thumbs_Kotlet-jagni%C4%99cy.jpg\"\n                    width=\"240\"\n                    height=\"160\"\n                    style=\"max-width:100%;\"\n                \/>\n            <\/a>\n        <\/div>\n\t\t\t\t\t\t\t<\/div> \n\t\t\t\n\t\t\t\t<div id=\"ngg-image-9\" class=\"ngg-gallery-thumbnail-box ngg-4-columns\" >\n\t\t\t\t        <div class=\"ngg-gallery-thumbnail\">\n            <a href=\"https:\/\/polonina.pl\/wp-content\/gallery\/jagniecina\/Kotlet-jagni%C4%99cy_.jpg\"\n               title=\"Kotlet jagni\u0119cy z ko\u015bci\u0105\"\n               data-src=\"https:\/\/polonina.pl\/wp-content\/gallery\/jagniecina\/Kotlet-jagni%C4%99cy_.jpg\"\n               data-thumbnail=\"https:\/\/polonina.pl\/wp-content\/gallery\/jagniecina\/thumbs\/thumbs_Kotlet-jagni%C4%99cy_.jpg\"\n               data-image-id=\"12\"\n               data-title=\"Kotlet jagni\u0119cy z ko\u015bci\u0105\"\n               data-description=\"Kotlet jagni\u0119cy z ko\u015bci\u0105\"\n               data-image-slug=\"kotlet-jagni%c4%99cy_\"\n               class=\"ngg-simplelightbox\" rel=\"ae8012fd1b59981c7c45104880ba8e7f\">\n                <img\n                    title=\"Kotlet jagni\u0119cy z ko\u015bci\u0105\"\n                    alt=\"Kotlet jagni\u0119cy z ko\u015bci\u0105\"\n                    src=\"https:\/\/polonina.pl\/wp-content\/gallery\/jagniecina\/thumbs\/thumbs_Kotlet-jagni%C4%99cy_.jpg\"\n                    width=\"240\"\n                    height=\"160\"\n                    style=\"max-width:100%;\"\n                \/>\n            <\/a>\n        <\/div>\n\t\t\t\t\t\t\t<\/div> \n\t\t\t\n\t\t\t\t<div id=\"ngg-image-10\" class=\"ngg-gallery-thumbnail-box ngg-4-columns\" >\n\t\t\t\t        <div class=\"ngg-gallery-thumbnail\">\n            <a href=\"https:\/\/polonina.pl\/wp-content\/gallery\/jagniecina\/%C5%81opatka-jagni%C4%99ca-bk.jpg\"\n               title=\"\u0141opatka jagni\u0119ca bez ko\u015bci\"\n               data-src=\"https:\/\/polonina.pl\/wp-content\/gallery\/jagniecina\/%C5%81opatka-jagni%C4%99ca-bk.jpg\"\n               data-thumbnail=\"https:\/\/polonina.pl\/wp-content\/gallery\/jagniecina\/thumbs\/thumbs_%C5%81opatka-jagni%C4%99ca-bk.jpg\"\n               data-image-id=\"13\"\n               data-title=\"\u0141opatka jagni\u0119ca bez ko\u015bci\"\n               data-description=\"\u0141opatka jagni\u0119ca bez ko\u015bci\"\n               data-image-slug=\"%c5%82opatka-jagni%c4%99ca-bk\"\n               class=\"ngg-simplelightbox\" rel=\"ae8012fd1b59981c7c45104880ba8e7f\">\n                <img\n                    title=\"\u0141opatka jagni\u0119ca bez ko\u015bci\"\n                    alt=\"\u0141opatka jagni\u0119ca bez ko\u015bci\"\n                    src=\"https:\/\/polonina.pl\/wp-content\/gallery\/jagniecina\/thumbs\/thumbs_%C5%81opatka-jagni%C4%99ca-bk.jpg\"\n                    width=\"240\"\n                    height=\"160\"\n                    style=\"max-width:100%;\"\n                \/>\n            <\/a>\n        <\/div>\n\t\t\t\t\t\t\t<\/div> \n\t\t\t\n\t\t\t\t<div id=\"ngg-image-11\" class=\"ngg-gallery-thumbnail-box ngg-4-columns\" >\n\t\t\t\t        <div class=\"ngg-gallery-thumbnail\">\n            <a href=\"https:\/\/polonina.pl\/wp-content\/gallery\/jagniecina\/%C5%81opatka-jagni%C4%99ca-bk_.jpg\"\n               title=\"\u0141opatka jagni\u0119ca bez ko\u015bci\"\n               data-src=\"https:\/\/polonina.pl\/wp-content\/gallery\/jagniecina\/%C5%81opatka-jagni%C4%99ca-bk_.jpg\"\n               data-thumbnail=\"https:\/\/polonina.pl\/wp-content\/gallery\/jagniecina\/thumbs\/thumbs_%C5%81opatka-jagni%C4%99ca-bk_.jpg\"\n               data-image-id=\"14\"\n               data-title=\"\u0141opatka jagni\u0119ca bez ko\u015bci\"\n               data-description=\"\u0141opatka jagni\u0119ca bez ko\u015bci\"\n               data-image-slug=\"%c5%82opatka-jagni%c4%99ca-bk_\"\n               class=\"ngg-simplelightbox\" rel=\"ae8012fd1b59981c7c45104880ba8e7f\">\n                <img\n                    title=\"\u0141opatka jagni\u0119ca bez ko\u015bci\"\n                    alt=\"\u0141opatka jagni\u0119ca bez ko\u015bci\"\n                    src=\"https:\/\/polonina.pl\/wp-content\/gallery\/jagniecina\/thumbs\/thumbs_%C5%81opatka-jagni%C4%99ca-bk_.jpg\"\n                    width=\"240\"\n                    height=\"160\"\n                    style=\"max-width:100%;\"\n                \/>\n            <\/a>\n        <\/div>\n\t\t\t\t\t\t\t<\/div> \n\t\t\t\n\t\t\t\t<div id=\"ngg-image-12\" class=\"ngg-gallery-thumbnail-box ngg-4-columns\" >\n\t\t\t\t        <div class=\"ngg-gallery-thumbnail\">\n            <a href=\"https:\/\/polonina.pl\/wp-content\/gallery\/jagniecina\/%C5%81opatka-jagni%C4%99ca-zk_.jpg\"\n               title=\"\u0141opatka jagni\u0119ca z ko\u015bci\u0105\"\n               data-src=\"https:\/\/polonina.pl\/wp-content\/gallery\/jagniecina\/%C5%81opatka-jagni%C4%99ca-zk_.jpg\"\n               data-thumbnail=\"https:\/\/polonina.pl\/wp-content\/gallery\/jagniecina\/thumbs\/thumbs_%C5%81opatka-jagni%C4%99ca-zk_.jpg\"\n               data-image-id=\"16\"\n               data-title=\"\u0141opatka jagni\u0119ca z ko\u015bci\u0105\"\n               data-description=\"\u0141opatka jagni\u0119ca z ko\u015bci\u0105\"\n               data-image-slug=\"%c5%82opatka-jagni%c4%99ca-zk_\"\n               class=\"ngg-simplelightbox\" rel=\"ae8012fd1b59981c7c45104880ba8e7f\">\n                <img\n                    title=\"\u0141opatka jagni\u0119ca z ko\u015bci\u0105\"\n                    alt=\"\u0141opatka jagni\u0119ca z ko\u015bci\u0105\"\n                    src=\"https:\/\/polonina.pl\/wp-content\/gallery\/jagniecina\/thumbs\/thumbs_%C5%81opatka-jagni%C4%99ca-zk_.jpg\"\n                    width=\"240\"\n                    height=\"160\"\n                    style=\"max-width:100%;\"\n                \/>\n            <\/a>\n        <\/div>\n\t\t\t\t\t\t\t<\/div> \n\t\t\t\n\t\t\t\t<div id=\"ngg-image-13\" class=\"ngg-gallery-thumbnail-box ngg-4-columns\" >\n\t\t\t\t        <div class=\"ngg-gallery-thumbnail\">\n            <a href=\"https:\/\/polonina.pl\/wp-content\/gallery\/jagniecina\/Udziec-jagni%C4%99cy-bk.jpg\"\n               title=\"Udziec jagni\u0119cy bez ko\u015bci\"\n               data-src=\"https:\/\/polonina.pl\/wp-content\/gallery\/jagniecina\/Udziec-jagni%C4%99cy-bk.jpg\"\n               data-thumbnail=\"https:\/\/polonina.pl\/wp-content\/gallery\/jagniecina\/thumbs\/thumbs_Udziec-jagni%C4%99cy-bk.jpg\"\n               data-image-id=\"19\"\n               data-title=\"Udziec jagni\u0119cy bez ko\u015bci\"\n               data-description=\"Udziec jagni\u0119cy bez ko\u015bci\"\n               data-image-slug=\"udziec-jagni%c4%99cy-bk\"\n               class=\"ngg-simplelightbox\" rel=\"ae8012fd1b59981c7c45104880ba8e7f\">\n                <img\n                    title=\"Udziec jagni\u0119cy bez ko\u015bci\"\n                    alt=\"Udziec jagni\u0119cy bez ko\u015bci\"\n                    src=\"https:\/\/polonina.pl\/wp-content\/gallery\/jagniecina\/thumbs\/thumbs_Udziec-jagni%C4%99cy-bk.jpg\"\n                    width=\"240\"\n                    height=\"160\"\n                    style=\"max-width:100%;\"\n                \/>\n            <\/a>\n        <\/div>\n\t\t\t\t\t\t\t<\/div> \n\t\t\t\n\t\t\t\t<div id=\"ngg-image-14\" class=\"ngg-gallery-thumbnail-box ngg-4-columns\" >\n\t\t\t\t        <div class=\"ngg-gallery-thumbnail\">\n            <a href=\"https:\/\/polonina.pl\/wp-content\/gallery\/jagniecina\/Udziec-jagni%C4%99cy-bk_.jpg\"\n               title=\"Udziec jagni\u0119cy bez ko\u015bci\"\n               data-src=\"https:\/\/polonina.pl\/wp-content\/gallery\/jagniecina\/Udziec-jagni%C4%99cy-bk_.jpg\"\n               data-thumbnail=\"https:\/\/polonina.pl\/wp-content\/gallery\/jagniecina\/thumbs\/thumbs_Udziec-jagni%C4%99cy-bk_.jpg\"\n               data-image-id=\"20\"\n               data-title=\"Udziec jagni\u0119cy bez ko\u015bci\"\n               data-description=\"Udziec jagni\u0119cy bez ko\u015bci\"\n               data-image-slug=\"udziec-jagni%c4%99cy-bk_\"\n               class=\"ngg-simplelightbox\" rel=\"ae8012fd1b59981c7c45104880ba8e7f\">\n                <img\n                    title=\"Udziec jagni\u0119cy bez ko\u015bci\"\n                    alt=\"Udziec jagni\u0119cy bez ko\u015bci\"\n                    src=\"https:\/\/polonina.pl\/wp-content\/gallery\/jagniecina\/thumbs\/thumbs_Udziec-jagni%C4%99cy-bk_.jpg\"\n                    width=\"240\"\n                    height=\"160\"\n                    style=\"max-width:100%;\"\n                \/>\n            <\/a>\n        <\/div>\n\t\t\t\t\t\t\t<\/div> \n\t\t\t\n\t\t\t\t<div id=\"ngg-image-15\" class=\"ngg-gallery-thumbnail-box ngg-4-columns\" >\n\t\t\t\t        <div class=\"ngg-gallery-thumbnail\">\n            <a href=\"https:\/\/polonina.pl\/wp-content\/gallery\/jagniecina\/Udziec-jagni%C4%99cy-plastry.jpg\"\n               title=\"Udziec jagni\u0119cy plastry z ko\u015bci\u0105\"\n               data-src=\"https:\/\/polonina.pl\/wp-content\/gallery\/jagniecina\/Udziec-jagni%C4%99cy-plastry.jpg\"\n               data-thumbnail=\"https:\/\/polonina.pl\/wp-content\/gallery\/jagniecina\/thumbs\/thumbs_Udziec-jagni%C4%99cy-plastry.jpg\"\n               data-image-id=\"21\"\n               data-title=\"Udziec jagni\u0119cy plastry z ko\u015bci\u0105\"\n               data-description=\"Udziec jagni\u0119cy plastry z ko\u015bci\u0105\"\n               data-image-slug=\"udziec-jagni%c4%99cy-plastry\"\n               class=\"ngg-simplelightbox\" rel=\"ae8012fd1b59981c7c45104880ba8e7f\">\n                <img\n                    title=\"Udziec jagni\u0119cy plastry z ko\u015bci\u0105\"\n                    alt=\"Udziec jagni\u0119cy plastry z ko\u015bci\u0105\"\n                    src=\"https:\/\/polonina.pl\/wp-content\/gallery\/jagniecina\/thumbs\/thumbs_Udziec-jagni%C4%99cy-plastry.jpg\"\n                    width=\"240\"\n                    height=\"160\"\n                    style=\"max-width:100%;\"\n                \/>\n            <\/a>\n        <\/div>\n\t\t\t\t\t\t\t<\/div> \n\t\t\t\n\t\n\t<br style=\"clear: both\" \/>\n\n\t\n\t\t<!-- Pagination -->\n\t<div class='ngg-navigation'><span class=\"current\">1<\/span><a class=\"page-numbers\" data-pageid=\"2\" href=\"https:\/\/polonina.pl\/index.php\/nggallery\/page\/2?page_id=39\">2<\/a><a class=\"next\" data-pageid=\"2\" id=\"ngg-next-2\" href=\"https:\/\/polonina.pl\/index.php\/nggallery\/page\/2?page_id=39\">&#9658;<\/a><\/div>\t<\/div>\n\n\n\n\n<p><\/p>\n","protected":false},"excerpt":{"rendered":"","protected":false},"author":1,"featured_media":167,"parent":0,"menu_order":0,"comment_status":"closed","ping_status":"closed","template":"","meta":{"ngg_post_thumbnail":0},"_links":{"self":[{"href":"https:\/\/polonina.pl\/index.php?rest_route=\/wp\/v2\/pages\/39"}],"collection":[{"href":"https:\/\/polonina.pl\/index.php?rest_route=\/wp\/v2\/pages"}],"about":[{"href":"https:\/\/polonina.pl\/index.php?rest_route=\/wp\/v2\/types\/page"}],"author":[{"embeddable":true,"href":"https:\/\/polonina.pl\/index.php?rest_route=\/wp\/v2\/users\/1"}],"replies":[{"embeddable":true,"href":"https:\/\/polonina.pl\/index.php?rest_route=%2Fwp%2Fv2%2Fcomments&post=39"}],"version-history":[{"count":12,"href":"https:\/\/polonina.pl\/index.php?rest_route=\/wp\/v2\/pages\/39\/revisions"}],"predecessor-version":[{"id":379,"href":"https:\/\/polonina.pl\/index.php?rest_route=\/wp\/v2\/pages\/39\/revisions\/379"}],"wp:featuredmedia":[{"embeddable":true,"href":"https:\/\/polonina.pl\/index.php?rest_route=\/wp\/v2\/media\/167"}],"wp:attachment":[{"href":"https:\/\/polonina.pl\/index.php?rest_route=%2Fwp%2Fv2%2Fmedia&parent=39"}],"curies":[{"name":"wp","href":"https:\/\/api.w.org\/{rel}","templated":true}]}}